{"id":1342,"date":"2023-04-26T08:30:12","date_gmt":"2023-04-26T08:30:12","guid":{"rendered":"https:\/\/atitlan-grupo.com\/politica-de-privacidad\/"},"modified":"2023-08-07T09:37:41","modified_gmt":"2023-08-07T09:37:41","slug":"politica-de-privacidade","status":"publish","type":"page","link":"https:\/\/atitlan.es\/pt-pt\/politica-de-privacidade\/","title":{"rendered":"Pol\u00edtica de privacidade"},"content":{"rendered":"<p>A finalidade da presente Pol\u00edtica de Privacidade \u00e9 inform\u00e1-lo\/a de forma clara e precisa sobre o tratamento dos dados pessoais realizado pela ATITLAN GRUPO EMPRESARIAL, S.L. (doravante, \u201c<strong>ATITLAN<\/strong>\u201d), no \u00e2mbito do seu s\u00edtio web https:\/\/www.atitlan.es ( doravante, o \u201c<strong>S\u00edtio Web<\/strong>\u201d), para que os utilizadores possam saber, entre outras quest\u00f5es, como e para que finalidades s\u00e3o tratados os seus dados pessoais e como podem exercer os seus direitos em rela\u00e7\u00e3o aos mesmos.<\/p>\n<p>&nbsp;<\/p>\n<h2>QUEM \u00c9 O RESPONS\u00c1VEL?<\/h2>\n<p>O respons\u00e1vel \u00e9: ATITLAN GRUPO EMPRESARIAL, S.L.<\/p>\n<p>Endere\u00e7o: calle Don Juan de Austria, 30, 3a planta, 46002 Val\u00eancia, Espanha.<\/p>\n<p>Dados de Registo: Registo Comercial de Val\u00eancia, Tomo 8258, F\u00f3lio 8, Sec\u00e7\u00e3o 8, Folha V-107.178 e NIF: B-97637185.<\/p>\n<p>&nbsp;<\/p>\n<h2>COMO UTILIZAMOS A SUA INFORMA\u00c7\u00c3O?<\/h2>\n<p>A ATITLAN trata os dados pessoais com as seguintes finalidades:<\/p>\n<ul>\n<li>Gerir a sua candidatura a um posto de trabalho na ATITLAN e analisar o seu perfil.<\/li>\n<li>Avalia\u00e7\u00e3o dos projetos de investimento e colabora\u00e7\u00e3o que nos sejam enviados.<\/li>\n<\/ul>\n<p>Ambos os tratamentos s\u00e3o realizados com base no seu consentimento, fornecido ao enviar o seu CV ou o seu projeto. Dito consentimento poder\u00e1 ser retirado a qualquer momento, sem que isto afete alegitimidade dos tratamentos realizados anteriormente; por\u00e9m, significar\u00e1 a impossibilidade de que ATITLAN possa vir a gerir a sua candidatura ou processar a sua peti\u00e7\u00e3o.<\/p>\n<p>Do mesmo modo, com base na execu\u00e7\u00e3o da rela\u00e7\u00e3o contratual entre si e a ATITLAN, os seus dados ser\u00e3o tratados para gerir a cria\u00e7\u00e3o, gest\u00e3o e manuten\u00e7\u00e3o da sua conta de utilizador no S\u00edtio Web.<\/p>\n<p>Para al\u00e9m disso, os seus dados tamb\u00e9m poder\u00e3o ser usados (embora n\u00e3o seja este o prop\u00f3sito definido no S\u00edtio Web e nem a finalidade para a qual foi desenvolvido e elaborado) para os seguintes usos:<\/p>\n<ul>\n<li>Gest\u00e3o e resolu\u00e7\u00e3o das suas consultas, queixas, sugest\u00f5es e reclama\u00e7\u00f5es.<\/li>\n<li>Comprovar, em determinados casos, a veracidade das suas informa\u00e7\u00f5es.<\/li>\n<li>Colaborar com as autoridades, for\u00e7as e corpos da ordem e seguran\u00e7a, bem como com os sistemas judiciais de cada pa\u00eds que possam, por meio das vias legais, solicitar-nos informa\u00e7\u00f5es e colabora\u00e7\u00e3o para a preven\u00e7\u00e3o de fraudes, branqueamento de capitais, e qualquer outro delito de qualquer natureza.<\/li>\n<\/ul>\n<p>&nbsp;<\/p>\n<h2><strong>A QUEM REVELAMOS AS SUAS INFORMA\u00c7\u00d5ES?<\/strong><\/h2>\n<p>No caso de fornecer os seus dados na sec\u00e7\u00e3o \u201cRH\u201d, os seus dados ser\u00e3o comunicados a outras sociedades do Grupo ATITLAN com o objetivo de organizar as candidaturas daqueles que queiram aceder a um posto de trabalho nalguma das entidades do Grupo, bem como para realizar uma pesquisa do perfil id\u00f3neo para o cargo que deve ser preenchido.<\/p>\n<p>Por outro lado, os dados fornecidos atrav\u00e9s da sec\u00e7\u00e3o \u201cOportunidade de Investimento\u201d ser\u00e3o comunicados a outras sociedades do Grupo ATITLAN para a gest\u00e3o dos projetos de investimento que a ATITLAN receba por meio do S\u00edtio Web.<\/p>\n<p>Os dados pessoais tamb\u00e9m ser\u00e3o acess\u00edveis aos prestadores de servi\u00e7os tecnol\u00f3gicos e de servi\u00e7os de gest\u00e3o laboral, fiscal e contabil\u00edstica.<\/p>\n<p>&nbsp;<\/p>\n<h2>DURANTE QUANTO TEMPO CONSERVAMOS OS SEUS DADOS?<\/h2>\n<p>Os dados pessoais fornecidos atrav\u00e9s da sec\u00e7\u00e3o \u201cRH\u201d ser\u00e3o conservados para gerir a sua candidatura e para o ter em conta em futuros processos de sele\u00e7\u00e3o que possam ser iniciados no prazo de um ano.<\/p>\n<p>Se um projeto for enviado pela sec\u00e7\u00e3o \u201cOportunidades de investimento\u201d, os dados ser\u00e3o conservados durante o tempo necess\u00e1rio para avaliar tal projeto.<\/p>\n<p>Por outro lado, na medida em que o utilizador tenha criado uma conta de utilizador, os seus dados ser\u00e3o conservados at\u00e9 que elimine essa conta ou exer\u00e7a o seu direito de elimina\u00e7\u00e3o em conformidade com as disposi\u00e7\u00f5es da sec\u00e7\u00e3o \u201cDireitos dos utilizadores\u201d.<\/p>\n<p>Sem preju\u00edzo do que precede, a ATITLAN poder\u00e1 conservar os dados pessoais posteriormente, devidamente bloqueados, enquanto sejam necess\u00e1rios para cumprir as obriga\u00e7\u00f5es legais \u00e0s quais possa estar sujeita ou para satisfazer as responsabilidades que possam decorrer do tratamento desses dados.<\/p>\n<p>&nbsp;<\/p>\n<h2>QUAIS S\u00c3O OS SEUS DIREITOS?<\/h2>\n<p>Os utilizadores podem exercer os seus direitos de acesso, retifica\u00e7\u00e3o, supress\u00e3o, portabilidade e limita\u00e7\u00e3o do tratamento, dirigindo-se por escrito \u00e0 ATITLAN para o seguinte endere\u00e7o postal que consta no cabe\u00e7alho, indicando o seu nome e apelidos e anexando uma c\u00f3pia do seu bilhete de identidade, passaporte ou documento equivalente comprovativo da sua identidade, ou acedendo ao nosso\u00a0<span class=\"--modal\" data-modal=\"--legal\">formul\u00e1rio de aten\u00e7\u00e3o aos direitos relacionados com o Regulamento Geral sobre a Prote\u00e7\u00e3o de Dados.<\/span><\/p>\n<p>Igualmente, tem o direito de retirar o seu consentimento em qualquer altura, enviando-o por escrito para o endere\u00e7o postal indicado no in\u00edcio da presente comunica\u00e7\u00e3o ou acedendo ao nosso\u00a0<span class=\"--modal\" data-modal=\"--legal\">formul\u00e1rio de Aten\u00e7\u00e3o Direitos RGPD<\/span>. A retirada do consentimento n\u00e3o afetar\u00e1 a licitude do tratamento efetuado antes da mesma.<\/p>\n<p>Da mesma forma, os utilizadores t\u00eam direito de exigir a prote\u00e7\u00e3o da Agencia Espa\u00f1ola de Protecci\u00f3n de Datos (Ag\u00eancia Espanhola de Prote\u00e7\u00e3o de Dados), apresentando uma reclama\u00e7\u00e3o atrav\u00e9s do seu s\u00edtio web\u00a0<a href=\"http:\/\/www.aepd.es\/\" target=\"_blank\" rel=\"noopener\">www.aepd.es<\/a><\/p>\n","protected":false},"excerpt":{"rendered":"<p>A finalidade da presente Pol\u00edtica de Privacidade \u00e9 inform\u00e1-lo\/a de forma clara e precisa sobre o tratamento dos dados pessoais realizado pela ATITLAN GRUPO EMPRESARIAL, S.L. (doravante, \u201cATITLAN\u201d), no \u00e2mbito do seu s\u00edtio web https:\/\/www.atitlan.es ( doravante, o \u201cS\u00edtio Web\u201d), para que os utilizadores possam saber, entre outras quest\u00f5es, como e para que finalidades s\u00e3o [&hellip;]<\/p>\n","protected":false},"author":1,"featured_media":0,"parent":0,"menu_order":10,"comment_status":"closed","ping_status":"closed","template":"","meta":{"_acf_changed":false,"_monsterinsights_skip_tracking":false,"_monsterinsights_sitenote_active":false,"_monsterinsights_sitenote_note":"","_monsterinsights_sitenote_category":0,"footnotes":""},"class_list":["post-1342","page","type-page","status-publish","hentry"],"acf":[],"yoast_head":"<!-- This site is optimized with the Yoast SEO plugin v27.0 - https:\/\/yoast.com\/product\/yoast-seo-wordpress\/ -->\n<title>Pol\u00edtica de privacidade | Atitlan<\/title>\n<meta name=\"robots\" content=\"index, follow, max-snippet:-1, max-image-preview:large, max-video-preview:-1\" \/>\n<link rel=\"canonical\" href=\"https:\/\/atitlan.es\/pt-pt\/politica-de-privacidade\/\" \/>\n<meta property=\"og:locale\" content=\"pt_PT\" \/>\n<meta property=\"og:type\" content=\"article\" \/>\n<meta property=\"og:title\" content=\"Pol\u00edtica de privacidade | Atitlan\" \/>\n<meta property=\"og:description\" content=\"A finalidade da presente Pol\u00edtica de Privacidade \u00e9 inform\u00e1-lo\/a de forma clara e precisa sobre o tratamento dos dados pessoais realizado pela ATITLAN GRUPO EMPRESARIAL, S.L. (doravante, \u201cATITLAN\u201d), no \u00e2mbito do seu s\u00edtio web https:\/\/www.atitlan.es ( doravante, o \u201cS\u00edtio Web\u201d), para que os utilizadores possam saber, entre outras quest\u00f5es, como e para que finalidades s\u00e3o [&hellip;]\" \/>\n<meta property=\"og:url\" content=\"https:\/\/atitlan.es\/pt-pt\/politica-de-privacidade\/\" \/>\n<meta property=\"og:site_name\" content=\"Atitlan\" \/>\n<meta property=\"article:modified_time\" content=\"2023-08-07T09:37:41+00:00\" \/>\n<meta property=\"og:image\" content=\"https:\/\/atitlan.es\/wp-content\/uploads\/2023\/10\/FotoPortada-Atitlan-1.jpg\" \/>\n\t<meta property=\"og:image:width\" content=\"1200\" \/>\n\t<meta property=\"og:image:height\" content=\"675\" \/>\n\t<meta property=\"og:image:type\" content=\"image\/jpeg\" \/>\n<meta name=\"twitter:card\" content=\"summary_large_image\" \/>\n<meta name=\"twitter:label1\" content=\"Tempo estimado de leitura\" \/>\n\t<meta name=\"twitter:data1\" content=\"4 minutos\" \/>\n<script type=\"application\/ld+json\" class=\"yoast-schema-graph\">{\"@context\":\"https:\/\/schema.org\",\"@graph\":[{\"@type\":\"WebPage\",\"@id\":\"https:\/\/atitlan.es\/pt-pt\/politica-de-privacidade\/\",\"url\":\"https:\/\/atitlan.es\/pt-pt\/politica-de-privacidade\/\",\"name\":\"Pol\u00edtica de privacidade | Atitlan\",\"isPartOf\":{\"@id\":\"https:\/\/atitlan.es\/#website\"},\"datePublished\":\"2023-04-26T08:30:12+00:00\",\"dateModified\":\"2023-08-07T09:37:41+00:00\",\"breadcrumb\":{\"@id\":\"https:\/\/atitlan.es\/pt-pt\/politica-de-privacidade\/#breadcrumb\"},\"inLanguage\":\"pt-PT\",\"potentialAction\":[{\"@type\":\"ReadAction\",\"target\":[\"https:\/\/atitlan.es\/pt-pt\/politica-de-privacidade\/\"]}]},{\"@type\":\"BreadcrumbList\",\"@id\":\"https:\/\/atitlan.es\/pt-pt\/politica-de-privacidade\/#breadcrumb\",\"itemListElement\":[{\"@type\":\"ListItem\",\"position\":1,\"name\":\"Portada\",\"item\":\"https:\/\/atitlan.es\/pt-pt\/\"},{\"@type\":\"ListItem\",\"position\":2,\"name\":\"Pol\u00edtica de privacidade\"}]},{\"@type\":\"WebSite\",\"@id\":\"https:\/\/atitlan.es\/#website\",\"url\":\"https:\/\/atitlan.es\/\",\"name\":\"Atitlan\",\"description\":\"Grupo Empresarial l\u00edder en la Pen\u00ednsula Ib\u00e9rica\",\"publisher\":{\"@id\":\"https:\/\/atitlan.es\/#organization\"},\"potentialAction\":[{\"@type\":\"SearchAction\",\"target\":{\"@type\":\"EntryPoint\",\"urlTemplate\":\"https:\/\/atitlan.es\/?s={search_term_string}\"},\"query-input\":{\"@type\":\"PropertyValueSpecification\",\"valueRequired\":true,\"valueName\":\"search_term_string\"}}],\"inLanguage\":\"pt-PT\"},{\"@type\":\"Organization\",\"@id\":\"https:\/\/atitlan.es\/#organization\",\"name\":\"Atitlan\",\"url\":\"https:\/\/atitlan.es\/\",\"logo\":{\"@type\":\"ImageObject\",\"inLanguage\":\"pt-PT\",\"@id\":\"https:\/\/atitlan.es\/#\/schema\/logo\/image\/\",\"url\":\"https:\/\/atitlan.es\/wp-content\/uploads\/2023\/10\/Logo-Atitlan.png\",\"contentUrl\":\"https:\/\/atitlan.es\/wp-content\/uploads\/2023\/10\/Logo-Atitlan.png\",\"width\":696,\"height\":696,\"caption\":\"Atitlan\"},\"image\":{\"@id\":\"https:\/\/atitlan.es\/#\/schema\/logo\/image\/\"},\"sameAs\":[\"https:\/\/www.linkedin.com\/company\/atitlan-grupo\/\"]}]}<\/script>\n<!-- \/ Yoast SEO plugin. -->","yoast_head_json":{"title":"Pol\u00edtica de privacidade | Atitlan","robots":{"index":"index","follow":"follow","max-snippet":"max-snippet:-1","max-image-preview":"max-image-preview:large","max-video-preview":"max-video-preview:-1"},"canonical":"https:\/\/atitlan.es\/pt-pt\/politica-de-privacidade\/","og_locale":"pt_PT","og_type":"article","og_title":"Pol\u00edtica de privacidade | Atitlan","og_description":"A finalidade da presente Pol\u00edtica de Privacidade \u00e9 inform\u00e1-lo\/a de forma clara e precisa sobre o tratamento dos dados pessoais realizado pela ATITLAN GRUPO EMPRESARIAL, S.L. (doravante, \u201cATITLAN\u201d), no \u00e2mbito do seu s\u00edtio web https:\/\/www.atitlan.es ( doravante, o \u201cS\u00edtio Web\u201d), para que os utilizadores possam saber, entre outras quest\u00f5es, como e para que finalidades s\u00e3o [&hellip;]","og_url":"https:\/\/atitlan.es\/pt-pt\/politica-de-privacidade\/","og_site_name":"Atitlan","article_modified_time":"2023-08-07T09:37:41+00:00","og_image":[{"width":1200,"height":675,"url":"https:\/\/atitlan.es\/wp-content\/uploads\/2023\/10\/FotoPortada-Atitlan-1.jpg","type":"image\/jpeg"}],"twitter_card":"summary_large_image","twitter_misc":{"Tempo estimado de leitura":"4 minutos"},"schema":{"@context":"https:\/\/schema.org","@graph":[{"@type":"WebPage","@id":"https:\/\/atitlan.es\/pt-pt\/politica-de-privacidade\/","url":"https:\/\/atitlan.es\/pt-pt\/politica-de-privacidade\/","name":"Pol\u00edtica de privacidade | Atitlan","isPartOf":{"@id":"https:\/\/atitlan.es\/#website"},"datePublished":"2023-04-26T08:30:12+00:00","dateModified":"2023-08-07T09:37:41+00:00","breadcrumb":{"@id":"https:\/\/atitlan.es\/pt-pt\/politica-de-privacidade\/#breadcrumb"},"inLanguage":"pt-PT","potentialAction":[{"@type":"ReadAction","target":["https:\/\/atitlan.es\/pt-pt\/politica-de-privacidade\/"]}]},{"@type":"BreadcrumbList","@id":"https:\/\/atitlan.es\/pt-pt\/politica-de-privacidade\/#breadcrumb","itemListElement":[{"@type":"ListItem","position":1,"name":"Portada","item":"https:\/\/atitlan.es\/pt-pt\/"},{"@type":"ListItem","position":2,"name":"Pol\u00edtica de privacidade"}]},{"@type":"WebSite","@id":"https:\/\/atitlan.es\/#website","url":"https:\/\/atitlan.es\/","name":"Atitlan","description":"Grupo Empresarial l\u00edder en la Pen\u00ednsula Ib\u00e9rica","publisher":{"@id":"https:\/\/atitlan.es\/#organization"},"potentialAction":[{"@type":"SearchAction","target":{"@type":"EntryPoint","urlTemplate":"https:\/\/atitlan.es\/?s={search_term_string}"},"query-input":{"@type":"PropertyValueSpecification","valueRequired":true,"valueName":"search_term_string"}}],"inLanguage":"pt-PT"},{"@type":"Organization","@id":"https:\/\/atitlan.es\/#organization","name":"Atitlan","url":"https:\/\/atitlan.es\/","logo":{"@type":"ImageObject","inLanguage":"pt-PT","@id":"https:\/\/atitlan.es\/#\/schema\/logo\/image\/","url":"https:\/\/atitlan.es\/wp-content\/uploads\/2023\/10\/Logo-Atitlan.png","contentUrl":"https:\/\/atitlan.es\/wp-content\/uploads\/2023\/10\/Logo-Atitlan.png","width":696,"height":696,"caption":"Atitlan"},"image":{"@id":"https:\/\/atitlan.es\/#\/schema\/logo\/image\/"},"sameAs":["https:\/\/www.linkedin.com\/company\/atitlan-grupo\/"]}]}},"_links":{"self":[{"href":"https:\/\/atitlan.es\/pt-pt\/wp-json\/wp\/v2\/pages\/1342","targetHints":{"allow":["GET"]}}],"collection":[{"href":"https:\/\/atitlan.es\/pt-pt\/wp-json\/wp\/v2\/pages"}],"about":[{"href":"https:\/\/atitlan.es\/pt-pt\/wp-json\/wp\/v2\/types\/page"}],"author":[{"embeddable":true,"href":"https:\/\/atitlan.es\/pt-pt\/wp-json\/wp\/v2\/users\/1"}],"replies":[{"embeddable":true,"href":"https:\/\/atitlan.es\/pt-pt\/wp-json\/wp\/v2\/comments?post=1342"}],"version-history":[{"count":2,"href":"https:\/\/atitlan.es\/pt-pt\/wp-json\/wp\/v2\/pages\/1342\/revisions"}],"predecessor-version":[{"id":1957,"href":"https:\/\/atitlan.es\/pt-pt\/wp-json\/wp\/v2\/pages\/1342\/revisions\/1957"}],"wp:attachment":[{"href":"https:\/\/atitlan.es\/pt-pt\/wp-json\/wp\/v2\/media?parent=1342"}],"curies":[{"name":"wp","href":"https:\/\/api.w.org\/{rel}","templated":true}]}}